{"id":6790,"date":"2023-08-23T15:54:07","date_gmt":"2023-08-23T19:54:07","guid":{"rendered":"https:\/\/mecfab.com\/achievements\/"},"modified":"2023-08-30T15:23:41","modified_gmt":"2023-08-30T19:23:41","slug":"achievements","status":"publish","type":"page","link":"https:\/\/mecfab.com\/en\/achievements\/","title":{"rendered":"Achievements"},"content":{"rendered":"<div class=\"fusion-fullwidth fullwidth-box fusion-builder-row-1 fusion-flex-container has-pattern-background has-mask-background nonhundred-percent-fullwidth non-hundred-percent-height-scrolling\" style=\"--awb-border-radius-top-left:0px;--awb-border-radius-top-right:0px;--awb-border-radius-bottom-right:0px;--awb-border-radius-bottom-left:0px;--awb-flex-wrap:wrap;\" ><div class=\"fusion-builder-row fusion-row fusion-flex-align-items-flex-start fusion-flex-content-wrap\" style=\"max-width:1560px;margin-left: calc(-4% \/ 2 );margin-right: calc(-4% \/ 2 );\"><div class=\"fusion-layout-column fusion_builder_column fusion-builder-column-0 fusion_builder_column_1_4 1_4 fusion-flex-column fusion-flex-align-self-stretch\" style=\"--awb-padding-top:40px;--awb-padding-right:30px;--awb-padding-bottom:40px;--awb-padding-left:30px;--awb-bg-size:cover;--awb-box-shadow:2px 1px 30px 0px var(--awb-color2);;--awb-border-color:var(--awb-color2);--awb-border-style:solid;--awb-width-large:25%;--awb-margin-top-large:0px;--awb-spacing-right-large:7.68%;--awb-margin-bottom-large:20px;--awb-spacing-left-large:7.68%;--awb-width-medium:25%;--awb-order-medium:0;--awb-spacing-right-medium:7.68%;--awb-spacing-left-medium:7.68%;--awb-width-small:100%;--awb-order-small:0;--awb-spacing-right-small:1.92%;--awb-spacing-left-small:1.92%;\" data-scroll-devices=\"small-visibility,medium-visibility,large-visibility\"><div class=\"fusion-column-wrapper fusion-column-has-shadow fusion-flex-justify-content-flex-start fusion-content-layout-column\"><div class=\"fusion-title title fusion-title-1 fusion-sep-none fusion-title-center fusion-title-text fusion-title-size-three\" style=\"--awb-margin-bottom:30px;--awb-margin-top-small:10px;--awb-margin-right-small:0px;--awb-margin-bottom-small:10px;--awb-margin-left-small:0px;\"><h3 class=\"fusion-title-heading title-heading-center\" style=\"margin:0;\">Custom design<\/h3><\/div><div class=\"fusion-image-element \" style=\"text-align:center;--awb-margin-top:30px;--awb-margin-right:30px;--awb-margin-bottom:30px;--awb-margin-left:30px;--awb-caption-title-font-family:var(--h2_typography-font-family);--awb-caption-title-font-weight:var(--h2_typography-font-weight);--awb-caption-title-font-style:var(--h2_typography-font-style);--awb-caption-title-size:var(--h2_typography-font-size);--awb-caption-title-transform:var(--h2_typography-text-transform);--awb-caption-title-line-height:var(--h2_typography-line-height);--awb-caption-title-letter-spacing:var(--h2_typography-letter-spacing);\"><span class=\" fusion-imageframe imageframe-none imageframe-1 hover-type-none\"><img decoding=\"async\" width=\"198\" height=\"143\" title=\"prod-sec-img_p_001_04\" src=\"https:\/\/mecfab.com\/wp-content\/uploads\/2022\/01\/prod-sec-img_p_001_04.jpg\" alt class=\"img-responsive wp-image-6724\"\/><\/span><\/div><div style=\"text-align:center;\"><a class=\"fusion-button button-flat fusion-button-default-size button-default fusion-button-default button-1 fusion-button-default-span fusion-button-default-type\" style=\"--awb-margin-top:30px;\" target=\"_self\" href=\"https:\/\/mecfab.com\/en\/achievements\/custom-design\/\"><span class=\"fusion-button-text awb-button__text awb-button__text--default\">See more<\/span><\/a><\/div><\/div><\/div><div class=\"fusion-layout-column fusion_builder_column fusion-builder-column-1 fusion_builder_column_1_4 1_4 fusion-flex-column fusion-flex-align-self-stretch\" style=\"--awb-padding-top:40px;--awb-padding-right:30px;--awb-padding-bottom:40px;--awb-padding-left:30px;--awb-bg-size:cover;--awb-box-shadow:2px 1px 30px 0px var(--awb-color2);;--awb-width-large:25%;--awb-margin-top-large:0px;--awb-spacing-right-large:7.68%;--awb-margin-bottom-large:20px;--awb-spacing-left-large:7.68%;--awb-width-medium:25%;--awb-order-medium:0;--awb-spacing-right-medium:7.68%;--awb-spacing-left-medium:7.68%;--awb-width-small:100%;--awb-order-small:0;--awb-spacing-right-small:1.92%;--awb-spacing-left-small:1.92%;\" data-scroll-devices=\"small-visibility,medium-visibility,large-visibility\"><div class=\"fusion-column-wrapper fusion-column-has-shadow fusion-flex-justify-content-flex-start fusion-content-layout-column\"><div class=\"fusion-title title fusion-title-2 fusion-sep-none fusion-title-center fusion-title-text fusion-title-size-three\" style=\"--awb-margin-bottom:30px;--awb-margin-top-small:10px;--awb-margin-right-small:0px;--awb-margin-bottom-small:10px;--awb-margin-left-small:0px;\"><h3 class=\"fusion-title-heading title-heading-center\" style=\"margin:0;\">Rebuilt Equipments<\/h3><\/div><div class=\"fusion-image-element \" style=\"text-align:center;--awb-margin-top:30px;--awb-margin-right:30px;--awb-margin-bottom:30px;--awb-margin-left:30px;--awb-caption-title-font-family:var(--h2_typography-font-family);--awb-caption-title-font-weight:var(--h2_typography-font-weight);--awb-caption-title-font-style:var(--h2_typography-font-style);--awb-caption-title-size:var(--h2_typography-font-size);--awb-caption-title-transform:var(--h2_typography-text-transform);--awb-caption-title-line-height:var(--h2_typography-line-height);--awb-caption-title-letter-spacing:var(--h2_typography-letter-spacing);\"><span class=\" fusion-imageframe imageframe-none imageframe-2 hover-type-none\"><img decoding=\"async\" width=\"226\" height=\"198\" title=\"prod-remise-air-img_p_002_02\" src=\"https:\/\/mecfab.com\/wp-content\/uploads\/2023\/08\/prod-remise-air-img_p_002_02.jpg\" alt class=\"img-responsive wp-image-6742\" srcset=\"https:\/\/mecfab.com\/wp-content\/uploads\/2023\/08\/prod-remise-air-img_p_002_02-200x175.jpg 200w, https:\/\/mecfab.com\/wp-content\/uploads\/2023\/08\/prod-remise-air-img_p_002_02.jpg 226w\" sizes=\"(max-width: 640px) 100vw, 226px\" \/><\/span><\/div><div style=\"text-align:center;\"><a class=\"fusion-button button-flat fusion-button-default-size button-default fusion-button-default button-2 fusion-button-default-span fusion-button-default-type\" style=\"--awb-margin-top:30px;\" target=\"_self\" href=\"https:\/\/mecfab.com\/en\/achievements\/rebuilt-equipments\/\"><span class=\"fusion-button-text awb-button__text awb-button__text--default\">See more<\/span><\/a><\/div><\/div><\/div><div class=\"fusion-layout-column fusion_builder_column fusion-builder-column-2 fusion_builder_column_1_4 1_4 fusion-flex-column fusion-flex-align-self-stretch\" style=\"--awb-padding-top:40px;--awb-padding-right:30px;--awb-padding-bottom:40px;--awb-padding-left:30px;--awb-bg-size:cover;--awb-box-shadow:2px 1px 30px 0px var(--awb-color2);;--awb-width-large:25%;--awb-margin-top-large:0px;--awb-spacing-right-large:7.68%;--awb-margin-bottom-large:20px;--awb-spacing-left-large:7.68%;--awb-width-medium:25%;--awb-order-medium:0;--awb-spacing-right-medium:7.68%;--awb-spacing-left-medium:7.68%;--awb-width-small:100%;--awb-order-small:0;--awb-spacing-right-small:1.92%;--awb-spacing-left-small:1.92%;\" data-scroll-devices=\"small-visibility,medium-visibility,large-visibility\"><div class=\"fusion-column-wrapper fusion-column-has-shadow fusion-flex-justify-content-space-between fusion-content-layout-column\"><div class=\"fusion-title title fusion-title-3 fusion-sep-none fusion-title-center fusion-title-text fusion-title-size-three\" style=\"--awb-margin-bottom:30px;--awb-margin-top-small:10px;--awb-margin-right-small:0px;--awb-margin-bottom-small:10px;--awb-margin-left-small:0px;\"><h3 class=\"fusion-title-heading title-heading-center\" style=\"margin:0;\">Integrated Solutions<\/h3><\/div><div class=\"fusion-image-element \" style=\"text-align:center;--awb-margin-top:30px;--awb-margin-right:30px;--awb-margin-bottom:30px;--awb-margin-left:30px;--awb-caption-title-font-family:var(--h2_typography-font-family);--awb-caption-title-font-weight:var(--h2_typography-font-weight);--awb-caption-title-font-style:var(--h2_typography-font-style);--awb-caption-title-size:var(--h2_typography-font-size);--awb-caption-title-transform:var(--h2_typography-text-transform);--awb-caption-title-line-height:var(--h2_typography-line-height);--awb-caption-title-letter-spacing:var(--h2_typography-letter-spacing);\"><span class=\" fusion-imageframe imageframe-none imageframe-3 hover-type-none\"><img decoding=\"async\" width=\"226\" height=\"198\" title=\"prod-solu-epais-img_p_003_01_b\" src=\"https:\/\/mecfab.com\/wp-content\/uploads\/2023\/08\/prod-solu-epais-img_p_003_01_b.jpg\" alt class=\"img-responsive wp-image-6741\" srcset=\"https:\/\/mecfab.com\/wp-content\/uploads\/2023\/08\/prod-solu-epais-img_p_003_01_b-200x175.jpg 200w, https:\/\/mecfab.com\/wp-content\/uploads\/2023\/08\/prod-solu-epais-img_p_003_01_b.jpg 226w\" sizes=\"(max-width: 640px) 100vw, 226px\" \/><\/span><\/div><div style=\"text-align:center;\"><a class=\"fusion-button button-flat fusion-button-default-size button-default fusion-button-default button-3 fusion-button-default-span fusion-button-default-type\" style=\"--awb-margin-top:30px;\" target=\"_self\" href=\"https:\/\/mecfab.com\/en\/achievements\/integrated-solutions\/\"><span class=\"fusion-button-text awb-button__text awb-button__text--default\">See more<\/span><\/a><\/div><\/div><\/div><div class=\"fusion-layout-column fusion_builder_column fusion-builder-column-3 fusion_builder_column_1_4 1_4 fusion-flex-column fusion-flex-align-self-stretch\" style=\"--awb-padding-top:40px;--awb-padding-right:30px;--awb-padding-bottom:40px;--awb-padding-left:30px;--awb-bg-size:cover;--awb-box-shadow:2px 1px 30px 0px var(--awb-color2);;--awb-width-large:25%;--awb-margin-top-large:0px;--awb-spacing-right-large:7.68%;--awb-margin-bottom-large:20px;--awb-spacing-left-large:7.68%;--awb-width-medium:25%;--awb-order-medium:0;--awb-spacing-right-medium:7.68%;--awb-spacing-left-medium:7.68%;--awb-width-small:100%;--awb-order-small:0;--awb-spacing-right-small:1.92%;--awb-spacing-left-small:1.92%;\" data-scroll-devices=\"small-visibility,medium-visibility,large-visibility\"><div class=\"fusion-column-wrapper fusion-column-has-shadow fusion-flex-justify-content-flex-start fusion-content-layout-column\"><div class=\"fusion-title title fusion-title-4 fusion-sep-none fusion-title-center fusion-title-text fusion-title-size-three\" style=\"--awb-margin-bottom:30px;--awb-margin-top-small:10px;--awb-margin-right-small:0px;--awb-margin-bottom-small:10px;--awb-margin-left-small:0px;\"><h3 class=\"fusion-title-heading title-heading-center\" style=\"margin:0;\">Machine components<\/h3><\/div><div class=\"fusion-image-element \" style=\"text-align:center;--awb-margin-top:30px;--awb-margin-right:30px;--awb-margin-bottom:30px;--awb-margin-left:30px;--awb-caption-title-font-family:var(--h2_typography-font-family);--awb-caption-title-font-weight:var(--h2_typography-font-weight);--awb-caption-title-font-style:var(--h2_typography-font-style);--awb-caption-title-size:var(--h2_typography-font-size);--awb-caption-title-transform:var(--h2_typography-text-transform);--awb-caption-title-line-height:var(--h2_typography-line-height);--awb-caption-title-letter-spacing:var(--h2_typography-letter-spacing);\"><span class=\" fusion-imageframe imageframe-none imageframe-4 hover-type-none\"><img decoding=\"async\" width=\"226\" height=\"198\" title=\"prod-comp-cais-valve\" src=\"https:\/\/mecfab.com\/wp-content\/uploads\/2023\/08\/prod-comp-cais-valve.jpg\" alt class=\"img-responsive wp-image-6740\" srcset=\"https:\/\/mecfab.com\/wp-content\/uploads\/2023\/08\/prod-comp-cais-valve-200x175.jpg 200w, https:\/\/mecfab.com\/wp-content\/uploads\/2023\/08\/prod-comp-cais-valve.jpg 226w\" sizes=\"(max-width: 640px) 100vw, 226px\" \/><\/span><\/div><div style=\"text-align:center;\"><a class=\"fusion-button button-flat fusion-button-default-size button-default fusion-button-default button-4 fusion-button-default-span fusion-button-default-type\" style=\"--awb-margin-top:30px;\" target=\"_self\" href=\"https:\/\/mecfab.com\/en\/achievements\/machine-components\/\"><span class=\"fusion-button-text awb-button__text awb-button__text--default\">See more<\/span><\/a><\/div><\/div><\/div><\/div><\/div>\n","protected":false},"excerpt":{"rendered":"","protected":false},"author":1,"featured_media":0,"parent":0,"menu_order":0,"comment_status":"closed","ping_status":"closed","template":"100-width.php","meta":{"footnotes":""},"class_list":["post-6790","page","type-page","status-publish","hentry"],"yoast_head":"<!-- This site is optimized with the Yoast SEO plugin v27.4 - https:\/\/yoast.com\/product\/yoast-seo-wordpress\/ -->\n<title>Achievements - MecFab<\/title>\n<meta name=\"robots\" content=\"index, follow, max-snippet:-1, max-image-preview:large, max-video-preview:-1\" \/>\n<link rel=\"canonical\" href=\"https:\/\/mecfab.com\/en\/achievements\/\" \/>\n<meta property=\"og:locale\" content=\"en_US\" \/>\n<meta property=\"og:type\" content=\"article\" \/>\n<meta property=\"og:title\" content=\"Achievements - MecFab\" \/>\n<meta property=\"og:url\" content=\"https:\/\/mecfab.com\/en\/achievements\/\" \/>\n<meta property=\"og:site_name\" content=\"MecFab\" \/>\n<meta property=\"article:modified_time\" content=\"2023-08-30T19:23:41+00:00\" \/>\n<meta name=\"twitter:card\" content=\"summary_large_image\" \/>\n<meta name=\"twitter:label1\" content=\"Est. reading time\" \/>\n\t<meta name=\"twitter:data1\" content=\"26 minutes\" \/>\n<script type=\"application\/ld+json\" class=\"yoast-schema-graph\">{\"@context\":\"https:\\\/\\\/schema.org\",\"@graph\":[{\"@type\":\"WebPage\",\"@id\":\"https:\\\/\\\/mecfab.com\\\/en\\\/achievements\\\/\",\"url\":\"https:\\\/\\\/mecfab.com\\\/en\\\/achievements\\\/\",\"name\":\"Achievements - MecFab\",\"isPartOf\":{\"@id\":\"https:\\\/\\\/mecfab.com\\\/#website\"},\"datePublished\":\"2023-08-23T19:54:07+00:00\",\"dateModified\":\"2023-08-30T19:23:41+00:00\",\"breadcrumb\":{\"@id\":\"https:\\\/\\\/mecfab.com\\\/en\\\/achievements\\\/#breadcrumb\"},\"inLanguage\":\"en-US\",\"potentialAction\":[{\"@type\":\"ReadAction\",\"target\":[\"https:\\\/\\\/mecfab.com\\\/en\\\/achievements\\\/\"]}]},{\"@type\":\"BreadcrumbList\",\"@id\":\"https:\\\/\\\/mecfab.com\\\/en\\\/achievements\\\/#breadcrumb\",\"itemListElement\":[{\"@type\":\"ListItem\",\"position\":1,\"name\":\"Accueil\",\"item\":\"https:\\\/\\\/mecfab.com\\\/\"},{\"@type\":\"ListItem\",\"position\":2,\"name\":\"Achievements\"}]},{\"@type\":\"WebSite\",\"@id\":\"https:\\\/\\\/mecfab.com\\\/#website\",\"url\":\"https:\\\/\\\/mecfab.com\\\/\",\"name\":\"MecFab\",\"description\":\"Con\u00e7oit, fabrique et installe des \u00e9quipements destin\u00e9s \u00e0 l&#039;industrie des p\u00e2tes et papiers\",\"publisher\":{\"@id\":\"https:\\\/\\\/mecfab.com\\\/#organization\"},\"potentialAction\":[{\"@type\":\"SearchAction\",\"target\":{\"@type\":\"EntryPoint\",\"urlTemplate\":\"https:\\\/\\\/mecfab.com\\\/?s={search_term_string}\"},\"query-input\":{\"@type\":\"PropertyValueSpecification\",\"valueRequired\":true,\"valueName\":\"search_term_string\"}}],\"inLanguage\":\"en-US\"},{\"@type\":\"Organization\",\"@id\":\"https:\\\/\\\/mecfab.com\\\/#organization\",\"name\":\"MecFab\",\"url\":\"https:\\\/\\\/mecfab.com\\\/\",\"logo\":{\"@type\":\"ImageObject\",\"inLanguage\":\"en-US\",\"@id\":\"https:\\\/\\\/mecfab.com\\\/#\\\/schema\\\/logo\\\/image\\\/\",\"url\":\"https:\\\/\\\/mecfab.com\\\/wp-content\\\/uploads\\\/2022\\\/01\\\/Logo-Mec-2021-02.png\",\"contentUrl\":\"https:\\\/\\\/mecfab.com\\\/wp-content\\\/uploads\\\/2022\\\/01\\\/Logo-Mec-2021-02.png\",\"width\":1489,\"height\":907,\"caption\":\"MecFab\"},\"image\":{\"@id\":\"https:\\\/\\\/mecfab.com\\\/#\\\/schema\\\/logo\\\/image\\\/\"}}]}<\/script>\n<!-- \/ Yoast SEO plugin. -->","yoast_head_json":{"title":"Achievements - MecFab","robots":{"index":"index","follow":"follow","max-snippet":"max-snippet:-1","max-image-preview":"max-image-preview:large","max-video-preview":"max-video-preview:-1"},"canonical":"https:\/\/mecfab.com\/en\/achievements\/","og_locale":"en_US","og_type":"article","og_title":"Achievements - MecFab","og_url":"https:\/\/mecfab.com\/en\/achievements\/","og_site_name":"MecFab","article_modified_time":"2023-08-30T19:23:41+00:00","twitter_card":"summary_large_image","twitter_misc":{"Est. reading time":"26 minutes"},"schema":{"@context":"https:\/\/schema.org","@graph":[{"@type":"WebPage","@id":"https:\/\/mecfab.com\/en\/achievements\/","url":"https:\/\/mecfab.com\/en\/achievements\/","name":"Achievements - MecFab","isPartOf":{"@id":"https:\/\/mecfab.com\/#website"},"datePublished":"2023-08-23T19:54:07+00:00","dateModified":"2023-08-30T19:23:41+00:00","breadcrumb":{"@id":"https:\/\/mecfab.com\/en\/achievements\/#breadcrumb"},"inLanguage":"en-US","potentialAction":[{"@type":"ReadAction","target":["https:\/\/mecfab.com\/en\/achievements\/"]}]},{"@type":"BreadcrumbList","@id":"https:\/\/mecfab.com\/en\/achievements\/#breadcrumb","itemListElement":[{"@type":"ListItem","position":1,"name":"Accueil","item":"https:\/\/mecfab.com\/"},{"@type":"ListItem","position":2,"name":"Achievements"}]},{"@type":"WebSite","@id":"https:\/\/mecfab.com\/#website","url":"https:\/\/mecfab.com\/","name":"MecFab","description":"Con\u00e7oit, fabrique et installe des \u00e9quipements destin\u00e9s \u00e0 l&#039;industrie des p\u00e2tes et papiers","publisher":{"@id":"https:\/\/mecfab.com\/#organization"},"potentialAction":[{"@type":"SearchAction","target":{"@type":"EntryPoint","urlTemplate":"https:\/\/mecfab.com\/?s={search_term_string}"},"query-input":{"@type":"PropertyValueSpecification","valueRequired":true,"valueName":"search_term_string"}}],"inLanguage":"en-US"},{"@type":"Organization","@id":"https:\/\/mecfab.com\/#organization","name":"MecFab","url":"https:\/\/mecfab.com\/","logo":{"@type":"ImageObject","inLanguage":"en-US","@id":"https:\/\/mecfab.com\/#\/schema\/logo\/image\/","url":"https:\/\/mecfab.com\/wp-content\/uploads\/2022\/01\/Logo-Mec-2021-02.png","contentUrl":"https:\/\/mecfab.com\/wp-content\/uploads\/2022\/01\/Logo-Mec-2021-02.png","width":1489,"height":907,"caption":"MecFab"},"image":{"@id":"https:\/\/mecfab.com\/#\/schema\/logo\/image\/"}}]}},"_links":{"self":[{"href":"https:\/\/mecfab.com\/en\/wp-json\/wp\/v2\/pages\/6790","targetHints":{"allow":["GET"]}}],"collection":[{"href":"https:\/\/mecfab.com\/en\/wp-json\/wp\/v2\/pages"}],"about":[{"href":"https:\/\/mecfab.com\/en\/wp-json\/wp\/v2\/types\/page"}],"author":[{"embeddable":true,"href":"https:\/\/mecfab.com\/en\/wp-json\/wp\/v2\/users\/1"}],"replies":[{"embeddable":true,"href":"https:\/\/mecfab.com\/en\/wp-json\/wp\/v2\/comments?post=6790"}],"version-history":[{"count":6,"href":"https:\/\/mecfab.com\/en\/wp-json\/wp\/v2\/pages\/6790\/revisions"}],"predecessor-version":[{"id":6871,"href":"https:\/\/mecfab.com\/en\/wp-json\/wp\/v2\/pages\/6790\/revisions\/6871"}],"wp:attachment":[{"href":"https:\/\/mecfab.com\/en\/wp-json\/wp\/v2\/media?parent=6790"}],"curies":[{"name":"wp","href":"https:\/\/api.w.org\/{rel}","templated":true}]}}