{"id":6835,"date":"2023-08-23T15:43:07","date_gmt":"2023-08-23T19:43:07","guid":{"rendered":"https:\/\/mecfab.com\/achievements\/custom-design\/fourdrinier\/"},"modified":"2023-08-30T15:09:40","modified_gmt":"2023-08-30T19:09:40","slug":"fourdrinier","status":"publish","type":"page","link":"https:\/\/mecfab.com\/en\/achievements\/custom-design\/fourdrinier\/","title":{"rendered":"Fourdrinier"},"content":{"rendered":"<p><div id=\"coussins\" class=\"fusion-container-anchor\"><div class=\"fusion-fullwidth fullwidth-box fusion-builder-row-1 fusion-flex-container has-pattern-background has-mask-background nonhundred-percent-fullwidth non-hundred-percent-height-scrolling\" style=\"--awb-border-color:var(--awb-color1);--awb-border-radius-top-left:0px;--awb-border-radius-top-right:0px;--awb-border-radius-bottom-right:0px;--awb-border-radius-bottom-left:0px;--awb-padding-top:100px;--awb-flex-wrap:wrap;\" ><div class=\"fusion-builder-row fusion-row fusion-flex-align-items-flex-start fusion-flex-content-wrap\" style=\"max-width:1560px;margin-left: calc(-4% \/ 2 );margin-right: calc(-4% \/ 2 );\"><div class=\"fusion-layout-column fusion_builder_column fusion-builder-column-0 fusion_builder_column_1_1 1_1 fusion-flex-column fusion-flex-align-self-flex-start\" style=\"--awb-padding-top:30px;--awb-padding-right:30px;--awb-padding-bottom:30px;--awb-padding-left:30px;--awb-bg-size:cover;--awb-width-large:100%;--awb-margin-top-large:0px;--awb-spacing-right-large:0px;--awb-margin-bottom-large:20px;--awb-spacing-left-large:1.92%;--awb-width-medium:100%;--awb-order-medium:0;--awb-spacing-right-medium:0px;--awb-spacing-left-medium:1.92%;--awb-width-small:100%;--awb-order-small:0;--awb-spacing-right-small:1.92%;--awb-spacing-left-small:1.92%;\" data-scroll-devices=\"small-visibility,medium-visibility,large-visibility\"><div class=\"fusion-column-wrapper fusion-column-has-shadow fusion-flex-justify-content-flex-start fusion-content-layout-column\"><div class=\"fusion-title title fusion-title-1 fusion-sep-none fusion-title-text fusion-title-size-two\" style=\"--awb-margin-bottom:30px;--awb-margin-top-small:10px;--awb-margin-right-small:0px;--awb-margin-bottom-small:10px;--awb-margin-left-small:0px;--awb-sep-color:#e2e2e2;\"><h2 class=\"fusion-title-heading title-heading-left\" style=\"margin:0;\">C frame<\/h2><\/div><div class=\"fusion-separator\" style=\"align-self: flex-start;margin-right:auto;margin-bottom:50px;width:100%;max-width:30%;\"><div class=\"fusion-separator-border sep-single sep-solid\" style=\"--awb-height:20px;--awb-amount:20px;--awb-sep-color:var(--awb-color1);border-color:var(--awb-color1);border-top-width:3px;\"><\/div><\/div><div class=\"fusion-text fusion-text-1 fusion-text-no-margin\" style=\"--awb-margin-bottom:30px;\"><p>\u00abC\u00bb FRAME FOURDRINIER Our fourdrinier framework makes use of &#8220;C&#8221; frame beams, self opened by prestressed tension rods connecting top and bottom cross-beams at the drive side to raise the frame off the removable blocks, thus permitting the draping of the wire. The tension rods serve to keep the tending side open for wire draping.<\/p>\n<\/div><div class=\"fusion-image-element \" style=\"--awb-caption-title-font-family:var(--h2_typography-font-family);--awb-caption-title-font-weight:var(--h2_typography-font-weight);--awb-caption-title-font-style:var(--h2_typography-font-style);--awb-caption-title-size:var(--h2_typography-font-size);--awb-caption-title-transform:var(--h2_typography-text-transform);--awb-caption-title-line-height:var(--h2_typography-line-height);--awb-caption-title-letter-spacing:var(--h2_typography-letter-spacing);\"><span class=\" fusion-imageframe imageframe-none imageframe-1 hover-type-none\"><img decoding=\"async\" width=\"321\" height=\"106\" title=\"prod-four-porteC-img_p_001_17\" src=\"https:\/\/mecfab.com\/wp-content\/uploads\/2023\/08\/prod-four-porteC-img_p_001_17.jpg\" alt class=\"img-responsive wp-image-6734\" srcset=\"https:\/\/mecfab.com\/wp-content\/uploads\/2023\/08\/prod-four-porteC-img_p_001_17-200x66.jpg 200w, https:\/\/mecfab.com\/wp-content\/uploads\/2023\/08\/prod-four-porteC-img_p_001_17.jpg 321w\" sizes=\"(max-width: 640px) 100vw, 321px\" \/><\/span><\/div><\/div><\/div><\/div><\/div><\/div><div id=\"hydraulic\" class=\"fusion-container-anchor\"><div class=\"fusion-fullwidth fullwidth-box fusion-builder-row-2 fusion-flex-container has-pattern-background has-mask-background nonhundred-percent-fullwidth non-hundred-percent-height-scrolling\" style=\"--awb-border-color:var(--awb-color1);--awb-border-radius-top-left:0px;--awb-border-radius-top-right:0px;--awb-border-radius-bottom-right:0px;--awb-border-radius-bottom-left:0px;--awb-padding-top:100px;--awb-background-color:#f2f3f5;--awb-flex-wrap:wrap;\" ><div class=\"fusion-builder-row fusion-row fusion-flex-align-items-flex-start fusion-flex-content-wrap\" style=\"max-width:1560px;margin-left: calc(-4% \/ 2 );margin-right: calc(-4% \/ 2 );\"><div class=\"fusion-layout-column fusion_builder_column fusion-builder-column-1 fusion_builder_column_1_1 1_1 fusion-flex-column\" style=\"--awb-padding-top:30px;--awb-padding-right:30px;--awb-padding-bottom:30px;--awb-padding-left:30px;--awb-bg-size:cover;--awb-width-large:100%;--awb-margin-top-large:0px;--awb-spacing-right-large:0px;--awb-margin-bottom-large:20px;--awb-spacing-left-large:1.92%;--awb-width-medium:100%;--awb-order-medium:0;--awb-spacing-right-medium:0px;--awb-spacing-left-medium:1.92%;--awb-width-small:100%;--awb-order-small:0;--awb-spacing-right-small:1.92%;--awb-spacing-left-small:1.92%;\" data-scroll-devices=\"small-visibility,medium-visibility,large-visibility\"><div class=\"fusion-column-wrapper fusion-column-has-shadow fusion-flex-justify-content-flex-start fusion-content-layout-column\"><div class=\"fusion-title title fusion-title-2 fusion-sep-none fusion-title-text fusion-title-size-two\" style=\"--awb-margin-bottom:30px;--awb-margin-top-small:10px;--awb-margin-right-small:0px;--awb-margin-bottom-small:10px;--awb-margin-left-small:0px;--awb-sep-color:#e2e2e2;\"><h2 class=\"fusion-title-heading title-heading-left\" style=\"margin:0;\">Cantilever<\/h2><\/div><div class=\"fusion-separator\" style=\"align-self: flex-start;margin-right:auto;margin-bottom:50px;width:100%;max-width:30%;\"><div class=\"fusion-separator-border sep-single sep-solid\" style=\"--awb-height:20px;--awb-amount:20px;--awb-sep-color:var(--awb-color1);border-color:var(--awb-color1);border-top-width:3px;\"><\/div><\/div><div class=\"fusion-text fusion-text-2 fusion-text-no-margin\" style=\"--awb-margin-bottom:30px;\"><p>CANTILEVER FOURDRINIER Our fourdrinier design uses hydraulic jacks at the tending side and pre-stressed tension rods at the drive side. The tension rods connect the top cross-beams to the floor structure and serve to keep the tending side open for the draping of the wire after the removable blocks have been taken out.<\/p>\n<\/div><div class=\"fusion-image-element \" style=\"--awb-caption-title-font-family:var(--h2_typography-font-family);--awb-caption-title-font-weight:var(--h2_typography-font-weight);--awb-caption-title-font-style:var(--h2_typography-font-style);--awb-caption-title-size:var(--h2_typography-font-size);--awb-caption-title-transform:var(--h2_typography-text-transform);--awb-caption-title-line-height:var(--h2_typography-line-height);--awb-caption-title-letter-spacing:var(--h2_typography-letter-spacing);\"><span class=\" fusion-imageframe imageframe-none imageframe-2 hover-type-none\"><img decoding=\"async\" width=\"321\" height=\"106\" title=\"prod-four-portefaux-img_p_001_18\" src=\"https:\/\/mecfab.com\/wp-content\/uploads\/2023\/08\/prod-four-portefaux-img_p_001_18.jpg\" alt class=\"img-responsive wp-image-6737\" srcset=\"https:\/\/mecfab.com\/wp-content\/uploads\/2023\/08\/prod-four-portefaux-img_p_001_18-200x66.jpg 200w, https:\/\/mecfab.com\/wp-content\/uploads\/2023\/08\/prod-four-portefaux-img_p_001_18.jpg 321w\" sizes=\"(max-width: 640px) 100vw, 321px\" \/><\/span><\/div><\/div><\/div><\/div><\/div><\/div><div id=\"coussins\" class=\"fusion-container-anchor\"><div class=\"fusion-fullwidth fullwidth-box fusion-builder-row-3 fusion-flex-container has-pattern-background has-mask-background nonhundred-percent-fullwidth non-hundred-percent-height-scrolling\" style=\"--awb-border-color:var(--awb-color1);--awb-border-radius-top-left:0px;--awb-border-radius-top-right:0px;--awb-border-radius-bottom-right:0px;--awb-border-radius-bottom-left:0px;--awb-padding-top:100px;--awb-flex-wrap:wrap;\" ><div class=\"fusion-builder-row fusion-row fusion-flex-align-items-flex-start fusion-flex-content-wrap\" style=\"max-width:1560px;margin-left: calc(-4% \/ 2 );margin-right: calc(-4% \/ 2 );\"><div class=\"fusion-layout-column fusion_builder_column fusion-builder-column-2 fusion_builder_column_1_1 1_1 fusion-flex-column fusion-flex-align-self-flex-start\" style=\"--awb-padding-top:30px;--awb-padding-right:30px;--awb-padding-bottom:30px;--awb-padding-left:30px;--awb-bg-size:cover;--awb-width-large:100%;--awb-margin-top-large:0px;--awb-spacing-right-large:0px;--awb-margin-bottom-large:20px;--awb-spacing-left-large:1.92%;--awb-width-medium:100%;--awb-order-medium:0;--awb-spacing-right-medium:0px;--awb-spacing-left-medium:1.92%;--awb-width-small:100%;--awb-order-small:0;--awb-spacing-right-small:1.92%;--awb-spacing-left-small:1.92%;\" data-scroll-devices=\"small-visibility,medium-visibility,large-visibility\"><div class=\"fusion-column-wrapper fusion-column-has-shadow fusion-flex-justify-content-flex-start fusion-content-layout-column\"><div class=\"fusion-title title fusion-title-3 fusion-sep-none fusion-title-text fusion-title-size-two\" style=\"--awb-margin-bottom:30px;--awb-margin-top-small:10px;--awb-margin-right-small:0px;--awb-margin-bottom-small:10px;--awb-margin-left-small:0px;--awb-sep-color:#e2e2e2;\"><h2 class=\"fusion-title-heading title-heading-left\" style=\"margin:0;\">Front Lift<\/h2><\/div><div class=\"fusion-separator\" style=\"align-self: flex-start;margin-right:auto;margin-bottom:50px;width:100%;max-width:30%;\"><div class=\"fusion-separator-border sep-single sep-solid\" style=\"--awb-height:20px;--awb-amount:20px;--awb-sep-color:var(--awb-color1);border-color:var(--awb-color1);border-top-width:3px;\"><\/div><\/div><div class=\"fusion-text fusion-text-3 fusion-text-no-margin\" style=\"--awb-margin-bottom:30px;\"><p>FRONT LIFT FOURDRINIER Fourdrinier framework incorporating the use of lifting beams attached to the tending side. These beams project into the aisle to raise the frame off the removable blocks, thus permitting the draping of the wire. The lifting beams are removable or pivoting.<\/p>\n<\/div><div class=\"fusion-image-element \" style=\"--awb-caption-title-font-family:var(--h2_typography-font-family);--awb-caption-title-font-weight:var(--h2_typography-font-weight);--awb-caption-title-font-style:var(--h2_typography-font-style);--awb-caption-title-size:var(--h2_typography-font-size);--awb-caption-title-transform:var(--h2_typography-text-transform);--awb-caption-title-line-height:var(--h2_typography-line-height);--awb-caption-title-letter-spacing:var(--h2_typography-letter-spacing);\"><span class=\" fusion-imageframe imageframe-none imageframe-3 hover-type-none\"><img decoding=\"async\" width=\"294\" height=\"143\" title=\"prod-four-levier-img_p_001_19\" src=\"https:\/\/mecfab.com\/wp-content\/uploads\/2023\/08\/prod-four-levier-img_p_001_19.jpg\" alt class=\"img-responsive wp-image-6738\" srcset=\"https:\/\/mecfab.com\/wp-content\/uploads\/2023\/08\/prod-four-levier-img_p_001_19-200x97.jpg 200w, https:\/\/mecfab.com\/wp-content\/uploads\/2023\/08\/prod-four-levier-img_p_001_19.jpg 294w\" sizes=\"(max-width: 640px) 100vw, 294px\" \/><\/span><\/div><\/div><\/div><\/div><\/div><\/div><\/p>\n","protected":false},"excerpt":{"rendered":"","protected":false},"author":1,"featured_media":0,"parent":6817,"menu_order":0,"comment_status":"closed","ping_status":"closed","template":"100-width.php","meta":{"footnotes":""},"class_list":["post-6835","page","type-page","status-publish","hentry"],"yoast_head":"<!-- This site is optimized with the Yoast SEO plugin v27.4 - https:\/\/yoast.com\/product\/yoast-seo-wordpress\/ -->\n<title>Fourdrinier - MecFab<\/title>\n<meta name=\"robots\" content=\"index, follow, max-snippet:-1, max-image-preview:large, max-video-preview:-1\" \/>\n<link rel=\"canonical\" href=\"https:\/\/mecfab.com\/realisations\/conceptions-personnalisees\/fourdrinier\/\" \/>\n<meta property=\"og:locale\" content=\"en_US\" \/>\n<meta property=\"og:type\" content=\"article\" \/>\n<meta property=\"og:title\" content=\"Fourdrinier - MecFab\" \/>\n<meta property=\"og:url\" content=\"https:\/\/mecfab.com\/realisations\/conceptions-personnalisees\/fourdrinier\/\" \/>\n<meta property=\"og:site_name\" content=\"MecFab\" \/>\n<meta property=\"article:modified_time\" content=\"2023-08-30T19:09:40+00:00\" \/>\n<meta name=\"twitter:card\" content=\"summary_large_image\" \/>\n<meta name=\"twitter:label1\" content=\"Est. reading time\" \/>\n\t<meta name=\"twitter:data1\" content=\"25 minutes\" \/>\n<script type=\"application\/ld+json\" class=\"yoast-schema-graph\">{\"@context\":\"https:\\\/\\\/schema.org\",\"@graph\":[{\"@type\":\"WebPage\",\"@id\":\"https:\\\/\\\/mecfab.com\\\/realisations\\\/conceptions-personnalisees\\\/fourdrinier\\\/\",\"url\":\"https:\\\/\\\/mecfab.com\\\/realisations\\\/conceptions-personnalisees\\\/fourdrinier\\\/\",\"name\":\"Fourdrinier - MecFab\",\"isPartOf\":{\"@id\":\"https:\\\/\\\/mecfab.com\\\/#website\"},\"datePublished\":\"2023-08-23T19:43:07+00:00\",\"dateModified\":\"2023-08-30T19:09:40+00:00\",\"breadcrumb\":{\"@id\":\"https:\\\/\\\/mecfab.com\\\/realisations\\\/conceptions-personnalisees\\\/fourdrinier\\\/#breadcrumb\"},\"inLanguage\":\"en-US\",\"potentialAction\":[{\"@type\":\"ReadAction\",\"target\":[\"https:\\\/\\\/mecfab.com\\\/realisations\\\/conceptions-personnalisees\\\/fourdrinier\\\/\"]}]},{\"@type\":\"BreadcrumbList\",\"@id\":\"https:\\\/\\\/mecfab.com\\\/realisations\\\/conceptions-personnalisees\\\/fourdrinier\\\/#breadcrumb\",\"itemListElement\":[{\"@type\":\"ListItem\",\"position\":1,\"name\":\"Accueil\",\"item\":\"https:\\\/\\\/mecfab.com\\\/\"},{\"@type\":\"ListItem\",\"position\":2,\"name\":\"Achievements\",\"item\":\"https:\\\/\\\/mecfab.com\\\/en\\\/achievements\\\/\"},{\"@type\":\"ListItem\",\"position\":3,\"name\":\"Custom Design\",\"item\":\"https:\\\/\\\/mecfab.com\\\/realisations\\\/conceptions-personnalisees\\\/\"},{\"@type\":\"ListItem\",\"position\":4,\"name\":\"Fourdrinier\"}]},{\"@type\":\"WebSite\",\"@id\":\"https:\\\/\\\/mecfab.com\\\/#website\",\"url\":\"https:\\\/\\\/mecfab.com\\\/\",\"name\":\"MecFab\",\"description\":\"Con\u00e7oit, fabrique et installe des \u00e9quipements destin\u00e9s \u00e0 l&#039;industrie des p\u00e2tes et papiers\",\"publisher\":{\"@id\":\"https:\\\/\\\/mecfab.com\\\/#organization\"},\"potentialAction\":[{\"@type\":\"SearchAction\",\"target\":{\"@type\":\"EntryPoint\",\"urlTemplate\":\"https:\\\/\\\/mecfab.com\\\/?s={search_term_string}\"},\"query-input\":{\"@type\":\"PropertyValueSpecification\",\"valueRequired\":true,\"valueName\":\"search_term_string\"}}],\"inLanguage\":\"en-US\"},{\"@type\":\"Organization\",\"@id\":\"https:\\\/\\\/mecfab.com\\\/#organization\",\"name\":\"MecFab\",\"url\":\"https:\\\/\\\/mecfab.com\\\/\",\"logo\":{\"@type\":\"ImageObject\",\"inLanguage\":\"en-US\",\"@id\":\"https:\\\/\\\/mecfab.com\\\/#\\\/schema\\\/logo\\\/image\\\/\",\"url\":\"https:\\\/\\\/mecfab.com\\\/wp-content\\\/uploads\\\/2022\\\/01\\\/Logo-Mec-2021-02.png\",\"contentUrl\":\"https:\\\/\\\/mecfab.com\\\/wp-content\\\/uploads\\\/2022\\\/01\\\/Logo-Mec-2021-02.png\",\"width\":1489,\"height\":907,\"caption\":\"MecFab\"},\"image\":{\"@id\":\"https:\\\/\\\/mecfab.com\\\/#\\\/schema\\\/logo\\\/image\\\/\"}}]}<\/script>\n<!-- \/ Yoast SEO plugin. -->","yoast_head_json":{"title":"Fourdrinier - MecFab","robots":{"index":"index","follow":"follow","max-snippet":"max-snippet:-1","max-image-preview":"max-image-preview:large","max-video-preview":"max-video-preview:-1"},"canonical":"https:\/\/mecfab.com\/realisations\/conceptions-personnalisees\/fourdrinier\/","og_locale":"en_US","og_type":"article","og_title":"Fourdrinier - MecFab","og_url":"https:\/\/mecfab.com\/realisations\/conceptions-personnalisees\/fourdrinier\/","og_site_name":"MecFab","article_modified_time":"2023-08-30T19:09:40+00:00","twitter_card":"summary_large_image","twitter_misc":{"Est. reading time":"25 minutes"},"schema":{"@context":"https:\/\/schema.org","@graph":[{"@type":"WebPage","@id":"https:\/\/mecfab.com\/realisations\/conceptions-personnalisees\/fourdrinier\/","url":"https:\/\/mecfab.com\/realisations\/conceptions-personnalisees\/fourdrinier\/","name":"Fourdrinier - MecFab","isPartOf":{"@id":"https:\/\/mecfab.com\/#website"},"datePublished":"2023-08-23T19:43:07+00:00","dateModified":"2023-08-30T19:09:40+00:00","breadcrumb":{"@id":"https:\/\/mecfab.com\/realisations\/conceptions-personnalisees\/fourdrinier\/#breadcrumb"},"inLanguage":"en-US","potentialAction":[{"@type":"ReadAction","target":["https:\/\/mecfab.com\/realisations\/conceptions-personnalisees\/fourdrinier\/"]}]},{"@type":"BreadcrumbList","@id":"https:\/\/mecfab.com\/realisations\/conceptions-personnalisees\/fourdrinier\/#breadcrumb","itemListElement":[{"@type":"ListItem","position":1,"name":"Accueil","item":"https:\/\/mecfab.com\/"},{"@type":"ListItem","position":2,"name":"Achievements","item":"https:\/\/mecfab.com\/en\/achievements\/"},{"@type":"ListItem","position":3,"name":"Custom Design","item":"https:\/\/mecfab.com\/realisations\/conceptions-personnalisees\/"},{"@type":"ListItem","position":4,"name":"Fourdrinier"}]},{"@type":"WebSite","@id":"https:\/\/mecfab.com\/#website","url":"https:\/\/mecfab.com\/","name":"MecFab","description":"Con\u00e7oit, fabrique et installe des \u00e9quipements destin\u00e9s \u00e0 l&#039;industrie des p\u00e2tes et papiers","publisher":{"@id":"https:\/\/mecfab.com\/#organization"},"potentialAction":[{"@type":"SearchAction","target":{"@type":"EntryPoint","urlTemplate":"https:\/\/mecfab.com\/?s={search_term_string}"},"query-input":{"@type":"PropertyValueSpecification","valueRequired":true,"valueName":"search_term_string"}}],"inLanguage":"en-US"},{"@type":"Organization","@id":"https:\/\/mecfab.com\/#organization","name":"MecFab","url":"https:\/\/mecfab.com\/","logo":{"@type":"ImageObject","inLanguage":"en-US","@id":"https:\/\/mecfab.com\/#\/schema\/logo\/image\/","url":"https:\/\/mecfab.com\/wp-content\/uploads\/2022\/01\/Logo-Mec-2021-02.png","contentUrl":"https:\/\/mecfab.com\/wp-content\/uploads\/2022\/01\/Logo-Mec-2021-02.png","width":1489,"height":907,"caption":"MecFab"},"image":{"@id":"https:\/\/mecfab.com\/#\/schema\/logo\/image\/"}}]}},"_links":{"self":[{"href":"https:\/\/mecfab.com\/en\/wp-json\/wp\/v2\/pages\/6835","targetHints":{"allow":["GET"]}}],"collection":[{"href":"https:\/\/mecfab.com\/en\/wp-json\/wp\/v2\/pages"}],"about":[{"href":"https:\/\/mecfab.com\/en\/wp-json\/wp\/v2\/types\/page"}],"author":[{"embeddable":true,"href":"https:\/\/mecfab.com\/en\/wp-json\/wp\/v2\/users\/1"}],"replies":[{"embeddable":true,"href":"https:\/\/mecfab.com\/en\/wp-json\/wp\/v2\/comments?post=6835"}],"version-history":[{"count":4,"href":"https:\/\/mecfab.com\/en\/wp-json\/wp\/v2\/pages\/6835\/revisions"}],"predecessor-version":[{"id":6839,"href":"https:\/\/mecfab.com\/en\/wp-json\/wp\/v2\/pages\/6835\/revisions\/6839"}],"up":[{"embeddable":true,"href":"https:\/\/mecfab.com\/en\/wp-json\/wp\/v2\/pages\/6817"}],"wp:attachment":[{"href":"https:\/\/mecfab.com\/en\/wp-json\/wp\/v2\/media?parent=6835"}],"curies":[{"name":"wp","href":"https:\/\/api.w.org\/{rel}","templated":true}]}}