{"id":6860,"date":"2023-08-24T14:40:58","date_gmt":"2023-08-24T18:40:58","guid":{"rendered":"https:\/\/mecfab.com\/achievements\/rebuilt-equipments\/former\/"},"modified":"2023-08-30T15:22:01","modified_gmt":"2023-08-30T19:22:01","slug":"former","status":"publish","type":"page","link":"https:\/\/mecfab.com\/en\/achievements\/rebuilt-equipments\/former\/","title":{"rendered":"Former"},"content":{"rendered":"<div id=\"coussins\" class=\"fusion-container-anchor\"><div class=\"fusion-fullwidth fullwidth-box fusion-builder-row-1 fusion-flex-container has-pattern-background has-mask-background nonhundred-percent-fullwidth non-hundred-percent-height-scrolling\" style=\"--awb-border-color:var(--awb-color1);--awb-border-radius-top-left:0px;--awb-border-radius-top-right:0px;--awb-border-radius-bottom-right:0px;--awb-border-radius-bottom-left:0px;--awb-padding-top:100px;--awb-flex-wrap:wrap;\" ><div class=\"fusion-builder-row fusion-row fusion-flex-align-items-flex-start fusion-flex-content-wrap\" style=\"max-width:1560px;margin-left: calc(-4% \/ 2 );margin-right: calc(-4% \/ 2 );\"><div class=\"fusion-layout-column fusion_builder_column fusion-builder-column-0 fusion_builder_column_1_1 1_1 fusion-flex-column fusion-flex-align-self-center\" style=\"--awb-padding-top:30px;--awb-padding-right:30px;--awb-padding-bottom:30px;--awb-padding-left:30px;--awb-bg-size:cover;--awb-width-large:100%;--awb-margin-top-large:0px;--awb-spacing-right-large:1.92%;--awb-margin-bottom-large:20px;--awb-spacing-left-large:1.92%;--awb-width-medium:100%;--awb-order-medium:0;--awb-spacing-right-medium:1.92%;--awb-spacing-left-medium:1.92%;--awb-width-small:100%;--awb-order-small:0;--awb-spacing-right-small:1.92%;--awb-spacing-left-small:1.92%;\" data-scroll-devices=\"small-visibility,medium-visibility,large-visibility\"><div class=\"fusion-column-wrapper fusion-column-has-shadow fusion-flex-justify-content-center fusion-content-layout-column\"><div class=\"fusion-text fusion-text-1 fusion-text-no-margin\" style=\"--awb-margin-bottom:30px;\"><p><strong>FORMER REBUILDS<\/strong><\/p>\n<p>Mecfab can rebuild and upgrade many types of formers. We have successfully rebuilt Horne and Bristol formers, as described below. Also, we have rebuilt Rotoformers and Deltaformers in partnership with Glens Falls Interweb.<\/p>\n<p><strong>HORNE FORMER<\/strong><\/p>\n<p>Mecfab can modify an existing Horne former to improve the stiffness and the adjustability.<\/p>\n<ul>\n<li>Reinforce weldment for better stiffness<\/li>\n<li>Throat adjustment<\/li>\n<li>New top lip arrangement with knuckle movement<\/li>\n<li>Stainless steel inserts for diffusion block and explosion chamber to prevent plexiglass wear &amp; cavitation due to friction<\/li>\n<li>Precision mechanical actuator with cross shaft<\/li>\n<\/ul>\n<\/div><div class=\"fusion-image-element \" style=\"--awb-caption-title-font-family:var(--h2_typography-font-family);--awb-caption-title-font-weight:var(--h2_typography-font-weight);--awb-caption-title-font-style:var(--h2_typography-font-style);--awb-caption-title-size:var(--h2_typography-font-size);--awb-caption-title-transform:var(--h2_typography-text-transform);--awb-caption-title-line-height:var(--h2_typography-line-height);--awb-caption-title-letter-spacing:var(--h2_typography-letter-spacing);\"><span class=\" fusion-imageframe imageframe-none imageframe-1 hover-type-none\"><img decoding=\"async\" width=\"198\" height=\"143\" title=\"prod-remise-form-2-img_p_002_06b\" src=\"https:\/\/mecfab.com\/wp-content\/uploads\/2023\/08\/prod-remise-form-2-img_p_002_06b.jpg\" alt class=\"img-responsive wp-image-6745\"\/><\/span><\/div><\/div><\/div><\/div><\/div><\/div>\n","protected":false},"excerpt":{"rendered":"","protected":false},"author":1,"featured_media":0,"parent":6847,"menu_order":0,"comment_status":"closed","ping_status":"closed","template":"100-width.php","meta":{"footnotes":""},"class_list":["post-6860","page","type-page","status-publish","hentry"],"yoast_head":"<!-- This site is optimized with the Yoast SEO plugin v27.4 - https:\/\/yoast.com\/product\/yoast-seo-wordpress\/ -->\n<title>Former - MecFab<\/title>\n<meta name=\"robots\" content=\"index, follow, max-snippet:-1, max-image-preview:large, max-video-preview:-1\" \/>\n<link rel=\"canonical\" href=\"https:\/\/mecfab.com\/realisations\/remise-a-neuf-equipements\/formeur\/\" \/>\n<meta property=\"og:locale\" content=\"en_US\" \/>\n<meta property=\"og:type\" content=\"article\" \/>\n<meta property=\"og:title\" content=\"Former - MecFab\" \/>\n<meta property=\"og:url\" content=\"https:\/\/mecfab.com\/realisations\/remise-a-neuf-equipements\/formeur\/\" \/>\n<meta property=\"og:site_name\" content=\"MecFab\" \/>\n<meta property=\"article:modified_time\" content=\"2023-08-30T19:22:01+00:00\" \/>\n<meta name=\"twitter:card\" content=\"summary_large_image\" \/>\n<meta name=\"twitter:label1\" content=\"Est. reading time\" \/>\n\t<meta name=\"twitter:data1\" content=\"7 minutes\" \/>\n<script type=\"application\/ld+json\" class=\"yoast-schema-graph\">{\"@context\":\"https:\\\/\\\/schema.org\",\"@graph\":[{\"@type\":\"WebPage\",\"@id\":\"https:\\\/\\\/mecfab.com\\\/realisations\\\/remise-a-neuf-equipements\\\/formeur\\\/\",\"url\":\"https:\\\/\\\/mecfab.com\\\/realisations\\\/remise-a-neuf-equipements\\\/formeur\\\/\",\"name\":\"Former - MecFab\",\"isPartOf\":{\"@id\":\"https:\\\/\\\/mecfab.com\\\/#website\"},\"datePublished\":\"2023-08-24T18:40:58+00:00\",\"dateModified\":\"2023-08-30T19:22:01+00:00\",\"breadcrumb\":{\"@id\":\"https:\\\/\\\/mecfab.com\\\/realisations\\\/remise-a-neuf-equipements\\\/formeur\\\/#breadcrumb\"},\"inLanguage\":\"en-US\",\"potentialAction\":[{\"@type\":\"ReadAction\",\"target\":[\"https:\\\/\\\/mecfab.com\\\/realisations\\\/remise-a-neuf-equipements\\\/formeur\\\/\"]}]},{\"@type\":\"BreadcrumbList\",\"@id\":\"https:\\\/\\\/mecfab.com\\\/realisations\\\/remise-a-neuf-equipements\\\/formeur\\\/#breadcrumb\",\"itemListElement\":[{\"@type\":\"ListItem\",\"position\":1,\"name\":\"Accueil\",\"item\":\"https:\\\/\\\/mecfab.com\\\/\"},{\"@type\":\"ListItem\",\"position\":2,\"name\":\"Achievements\",\"item\":\"https:\\\/\\\/mecfab.com\\\/en\\\/achievements\\\/\"},{\"@type\":\"ListItem\",\"position\":3,\"name\":\"Rebuilt Equipments\",\"item\":\"https:\\\/\\\/mecfab.com\\\/realisations\\\/remise-a-neuf-equipements\\\/\"},{\"@type\":\"ListItem\",\"position\":4,\"name\":\"Former\"}]},{\"@type\":\"WebSite\",\"@id\":\"https:\\\/\\\/mecfab.com\\\/#website\",\"url\":\"https:\\\/\\\/mecfab.com\\\/\",\"name\":\"MecFab\",\"description\":\"Con\u00e7oit, fabrique et installe des \u00e9quipements destin\u00e9s \u00e0 l&#039;industrie des p\u00e2tes et papiers\",\"publisher\":{\"@id\":\"https:\\\/\\\/mecfab.com\\\/#organization\"},\"potentialAction\":[{\"@type\":\"SearchAction\",\"target\":{\"@type\":\"EntryPoint\",\"urlTemplate\":\"https:\\\/\\\/mecfab.com\\\/?s={search_term_string}\"},\"query-input\":{\"@type\":\"PropertyValueSpecification\",\"valueRequired\":true,\"valueName\":\"search_term_string\"}}],\"inLanguage\":\"en-US\"},{\"@type\":\"Organization\",\"@id\":\"https:\\\/\\\/mecfab.com\\\/#organization\",\"name\":\"MecFab\",\"url\":\"https:\\\/\\\/mecfab.com\\\/\",\"logo\":{\"@type\":\"ImageObject\",\"inLanguage\":\"en-US\",\"@id\":\"https:\\\/\\\/mecfab.com\\\/#\\\/schema\\\/logo\\\/image\\\/\",\"url\":\"https:\\\/\\\/mecfab.com\\\/wp-content\\\/uploads\\\/2022\\\/01\\\/Logo-Mec-2021-02.png\",\"contentUrl\":\"https:\\\/\\\/mecfab.com\\\/wp-content\\\/uploads\\\/2022\\\/01\\\/Logo-Mec-2021-02.png\",\"width\":1489,\"height\":907,\"caption\":\"MecFab\"},\"image\":{\"@id\":\"https:\\\/\\\/mecfab.com\\\/#\\\/schema\\\/logo\\\/image\\\/\"}}]}<\/script>\n<!-- \/ Yoast SEO plugin. -->","yoast_head_json":{"title":"Former - MecFab","robots":{"index":"index","follow":"follow","max-snippet":"max-snippet:-1","max-image-preview":"max-image-preview:large","max-video-preview":"max-video-preview:-1"},"canonical":"https:\/\/mecfab.com\/realisations\/remise-a-neuf-equipements\/formeur\/","og_locale":"en_US","og_type":"article","og_title":"Former - MecFab","og_url":"https:\/\/mecfab.com\/realisations\/remise-a-neuf-equipements\/formeur\/","og_site_name":"MecFab","article_modified_time":"2023-08-30T19:22:01+00:00","twitter_card":"summary_large_image","twitter_misc":{"Est. reading time":"7 minutes"},"schema":{"@context":"https:\/\/schema.org","@graph":[{"@type":"WebPage","@id":"https:\/\/mecfab.com\/realisations\/remise-a-neuf-equipements\/formeur\/","url":"https:\/\/mecfab.com\/realisations\/remise-a-neuf-equipements\/formeur\/","name":"Former - MecFab","isPartOf":{"@id":"https:\/\/mecfab.com\/#website"},"datePublished":"2023-08-24T18:40:58+00:00","dateModified":"2023-08-30T19:22:01+00:00","breadcrumb":{"@id":"https:\/\/mecfab.com\/realisations\/remise-a-neuf-equipements\/formeur\/#breadcrumb"},"inLanguage":"en-US","potentialAction":[{"@type":"ReadAction","target":["https:\/\/mecfab.com\/realisations\/remise-a-neuf-equipements\/formeur\/"]}]},{"@type":"BreadcrumbList","@id":"https:\/\/mecfab.com\/realisations\/remise-a-neuf-equipements\/formeur\/#breadcrumb","itemListElement":[{"@type":"ListItem","position":1,"name":"Accueil","item":"https:\/\/mecfab.com\/"},{"@type":"ListItem","position":2,"name":"Achievements","item":"https:\/\/mecfab.com\/en\/achievements\/"},{"@type":"ListItem","position":3,"name":"Rebuilt Equipments","item":"https:\/\/mecfab.com\/realisations\/remise-a-neuf-equipements\/"},{"@type":"ListItem","position":4,"name":"Former"}]},{"@type":"WebSite","@id":"https:\/\/mecfab.com\/#website","url":"https:\/\/mecfab.com\/","name":"MecFab","description":"Con\u00e7oit, fabrique et installe des \u00e9quipements destin\u00e9s \u00e0 l&#039;industrie des p\u00e2tes et papiers","publisher":{"@id":"https:\/\/mecfab.com\/#organization"},"potentialAction":[{"@type":"SearchAction","target":{"@type":"EntryPoint","urlTemplate":"https:\/\/mecfab.com\/?s={search_term_string}"},"query-input":{"@type":"PropertyValueSpecification","valueRequired":true,"valueName":"search_term_string"}}],"inLanguage":"en-US"},{"@type":"Organization","@id":"https:\/\/mecfab.com\/#organization","name":"MecFab","url":"https:\/\/mecfab.com\/","logo":{"@type":"ImageObject","inLanguage":"en-US","@id":"https:\/\/mecfab.com\/#\/schema\/logo\/image\/","url":"https:\/\/mecfab.com\/wp-content\/uploads\/2022\/01\/Logo-Mec-2021-02.png","contentUrl":"https:\/\/mecfab.com\/wp-content\/uploads\/2022\/01\/Logo-Mec-2021-02.png","width":1489,"height":907,"caption":"MecFab"},"image":{"@id":"https:\/\/mecfab.com\/#\/schema\/logo\/image\/"}}]}},"_links":{"self":[{"href":"https:\/\/mecfab.com\/en\/wp-json\/wp\/v2\/pages\/6860","targetHints":{"allow":["GET"]}}],"collection":[{"href":"https:\/\/mecfab.com\/en\/wp-json\/wp\/v2\/pages"}],"about":[{"href":"https:\/\/mecfab.com\/en\/wp-json\/wp\/v2\/types\/page"}],"author":[{"embeddable":true,"href":"https:\/\/mecfab.com\/en\/wp-json\/wp\/v2\/users\/1"}],"replies":[{"embeddable":true,"href":"https:\/\/mecfab.com\/en\/wp-json\/wp\/v2\/comments?post=6860"}],"version-history":[{"count":4,"href":"https:\/\/mecfab.com\/en\/wp-json\/wp\/v2\/pages\/6860\/revisions"}],"predecessor-version":[{"id":6864,"href":"https:\/\/mecfab.com\/en\/wp-json\/wp\/v2\/pages\/6860\/revisions\/6864"}],"up":[{"embeddable":true,"href":"https:\/\/mecfab.com\/en\/wp-json\/wp\/v2\/pages\/6847"}],"wp:attachment":[{"href":"https:\/\/mecfab.com\/en\/wp-json\/wp\/v2\/media?parent=6860"}],"curies":[{"name":"wp","href":"https:\/\/api.w.org\/{rel}","templated":true}]}}